{"id":1221,"date":"2025-01-22T13:46:46","date_gmt":"2025-01-22T11:46:46","guid":{"rendered":"https:\/\/kolhethi.ee\/?post_type=product&#038;p=1221"},"modified":"2025-01-22T13:46:46","modified_gmt":"2025-01-22T11:46:46","slug":"eelroogade-valik-4-le","status":"publish","type":"product","link":"https:\/\/kolhethi.ee\/en\/product\/eelroogade-valik-4-le\/","title":{"rendered":"Eelroogade valik 4-le"},"content":{"rendered":"<p>Sisaldab: Salat Georgia, k\u00fcpsetatud \u0161ampinjonid Suluguni juustuga ja sn\u00e4kitaldrik.<\/p>\n<p>Hind \u00fche inimese kohta: 8,5\u20ac.<\/p>","protected":false},"excerpt":{"rendered":"<p>Sisaldab: Salat Georgia, k\u00fcpsetatud \u0161ampinjonid Suluguni juustuga ja sn\u00e4kitaldrik. Hind \u00fche inimese kohta: 8,5\u20ac.<\/p>","protected":false},"featured_media":0,"comment_status":"open","ping_status":"closed","template":"","meta":{"_uag_custom_page_level_css":"","_glsr_average":0,"_glsr_ranking":0,"_glsr_reviews":0},"product_brand":[],"product_cat":[89],"product_tag":[],"class_list":{"0":"post-1221","1":"product","2":"type-product","3":"status-publish","5":"product_cat-komplektid","7":"first","8":"instock","9":"shipping-taxable","10":"purchasable","11":"product-type-simple"},"aioseo_notices":[],"uagb_featured_image_src":{"full":false,"thumbnail":false,"medium":false,"medium_large":false,"large":false,"1536x1536":false,"2048x2048":false,"trp-custom-language-flag":false,"woocommerce_thumbnail":false,"woocommerce_single":false,"woocommerce_gallery_thumbnail":false},"uagb_author_info":{"display_name":"Mariliis","author_link":"https:\/\/kolhethi.ee\/en\/author\/"},"uagb_comment_info":0,"uagb_excerpt":"Sisaldab: Salat Georgia, k\u00fcpsetatud \u0161ampinjonid Suluguni juustuga ja sn\u00e4kitaldrik. Hind \u00fche inimese kohta: 8,5\u20ac.","_links":{"self":[{"href":"https:\/\/kolhethi.ee\/en\/wp-json\/wp\/v2\/product\/1221","targetHints":{"allow":["GET"]}}],"collection":[{"href":"https:\/\/kolhethi.ee\/en\/wp-json\/wp\/v2\/product"}],"about":[{"href":"https:\/\/kolhethi.ee\/en\/wp-json\/wp\/v2\/types\/product"}],"replies":[{"embeddable":true,"href":"https:\/\/kolhethi.ee\/en\/wp-json\/wp\/v2\/comments?post=1221"}],"wp:attachment":[{"href":"https:\/\/kolhethi.ee\/en\/wp-json\/wp\/v2\/media?parent=1221"}],"wp:term":[{"taxonomy":"product_brand","embeddable":true,"href":"https:\/\/kolhethi.ee\/en\/wp-json\/wp\/v2\/product_brand?post=1221"},{"taxonomy":"product_cat","embeddable":true,"href":"https:\/\/kolhethi.ee\/en\/wp-json\/wp\/v2\/product_cat?post=1221"},{"taxonomy":"product_tag","embeddable":true,"href":"https:\/\/kolhethi.ee\/en\/wp-json\/wp\/v2\/product_tag?post=1221"}],"curies":[{"name":"wp","href":"https:\/\/api.w.org\/{rel}","templated":true}]}}