{"id":1220,"date":"2025-01-22T13:45:11","date_gmt":"2025-01-22T11:45:11","guid":{"rendered":"https:\/\/kolhethi.ee\/?post_type=product&#038;p=1220"},"modified":"2025-01-28T23:49:45","modified_gmt":"2025-01-28T21:49:45","slug":"grusiinide-pidusook-4-le","status":"publish","type":"product","link":"https:\/\/kolhethi.ee\/en\/product\/grusiinide-pidusook-4-le\/","title":{"rendered":"Grusiinide pidus\u00f6\u00f6k 4-le"},"content":{"rendered":"<p>L\u00e4bik\u00f5ige meie men\u00fc\u00fcs pakutavatest Gruusia roogadest, sealhulgas \u0161a\u0161l\u00f5kid ja Hat\u0161apuri Megruli.<\/p>\n<p>Hind \u00fche inimese kohta: 28\u20ac.<\/p>","protected":false},"excerpt":{"rendered":"<p>L\u00e4bik\u00f5ige meie men\u00fc\u00fcs pakutavatest Gruusia roogadest, sealhulgas \u0161a\u0161l\u00f5kid ja Hat\u0161apuri Megruli. Hind \u00fche inimese kohta: 28\u20ac.<\/p>","protected":false},"featured_media":1253,"comment_status":"open","ping_status":"closed","template":"","meta":{"_uag_custom_page_level_css":"","_glsr_average":0,"_glsr_ranking":0,"_glsr_reviews":0},"product_brand":[],"product_cat":[89],"product_tag":[],"class_list":{"0":"post-1220","1":"product","2":"type-product","3":"status-publish","4":"has-post-thumbnail","6":"product_cat-komplektid","8":"first","9":"instock","10":"shipping-taxable","11":"purchasable","12":"product-type-simple"},"aioseo_notices":[],"uagb_featured_image_src":{"full":["https:\/\/kolhethi.ee\/wp-content\/uploads\/2025\/01\/474930126_3499365143690413_8862434993842530257_n.jpg",1530,2040,false],"thumbnail":["https:\/\/kolhethi.ee\/wp-content\/uploads\/2025\/01\/474930126_3499365143690413_8862434993842530257_n-150x150.jpg",150,150,true],"medium":["https:\/\/kolhethi.ee\/wp-content\/uploads\/2025\/01\/474930126_3499365143690413_8862434993842530257_n-225x300.jpg",225,300,true],"medium_large":["https:\/\/kolhethi.ee\/wp-content\/uploads\/2025\/01\/474930126_3499365143690413_8862434993842530257_n-768x1024.jpg",768,1024,true],"large":["https:\/\/kolhethi.ee\/wp-content\/uploads\/2025\/01\/474930126_3499365143690413_8862434993842530257_n-768x1024.jpg",768,1024,true],"1536x1536":["https:\/\/kolhethi.ee\/wp-content\/uploads\/2025\/01\/474930126_3499365143690413_8862434993842530257_n-1152x1536.jpg",1152,1536,true],"2048x2048":["https:\/\/kolhethi.ee\/wp-content\/uploads\/2025\/01\/474930126_3499365143690413_8862434993842530257_n.jpg",1530,2040,false],"trp-custom-language-flag":["https:\/\/kolhethi.ee\/wp-content\/uploads\/2025\/01\/474930126_3499365143690413_8862434993842530257_n-9x12.jpg",9,12,true],"woocommerce_thumbnail":["https:\/\/kolhethi.ee\/wp-content\/uploads\/2025\/01\/474930126_3499365143690413_8862434993842530257_n-300x300.jpg",300,300,true],"woocommerce_single":["https:\/\/kolhethi.ee\/wp-content\/uploads\/2025\/01\/474930126_3499365143690413_8862434993842530257_n-600x800.jpg",600,800,true],"woocommerce_gallery_thumbnail":["https:\/\/kolhethi.ee\/wp-content\/uploads\/2025\/01\/474930126_3499365143690413_8862434993842530257_n-100x100.jpg",100,100,true]},"uagb_author_info":{"display_name":"Mariliis","author_link":"https:\/\/kolhethi.ee\/en\/author\/"},"uagb_comment_info":0,"uagb_excerpt":"L\u00e4bik\u00f5ige meie men\u00fc\u00fcs pakutavatest Gruusia roogadest, sealhulgas \u0161a\u0161l\u00f5kid ja Hat\u0161apuri Megruli. Hind \u00fche inimese kohta: 28\u20ac.","_links":{"self":[{"href":"https:\/\/kolhethi.ee\/en\/wp-json\/wp\/v2\/product\/1220","targetHints":{"allow":["GET"]}}],"collection":[{"href":"https:\/\/kolhethi.ee\/en\/wp-json\/wp\/v2\/product"}],"about":[{"href":"https:\/\/kolhethi.ee\/en\/wp-json\/wp\/v2\/types\/product"}],"replies":[{"embeddable":true,"href":"https:\/\/kolhethi.ee\/en\/wp-json\/wp\/v2\/comments?post=1220"}],"wp:featuredmedia":[{"embeddable":true,"href":"https:\/\/kolhethi.ee\/en\/wp-json\/wp\/v2\/media\/1253"}],"wp:attachment":[{"href":"https:\/\/kolhethi.ee\/en\/wp-json\/wp\/v2\/media?parent=1220"}],"wp:term":[{"taxonomy":"product_brand","embeddable":true,"href":"https:\/\/kolhethi.ee\/en\/wp-json\/wp\/v2\/product_brand?post=1220"},{"taxonomy":"product_cat","embeddable":true,"href":"https:\/\/kolhethi.ee\/en\/wp-json\/wp\/v2\/product_cat?post=1220"},{"taxonomy":"product_tag","embeddable":true,"href":"https:\/\/kolhethi.ee\/en\/wp-json\/wp\/v2\/product_tag?post=1220"}],"curies":[{"name":"wp","href":"https:\/\/api.w.org\/{rel}","templated":true}]}}