{"id":1193,"date":"2024-12-18T18:26:17","date_gmt":"2024-12-18T16:26:17","guid":{"rendered":"https:\/\/kolhethi.ee\/?post_type=product&#038;p=1193"},"modified":"2025-01-28T23:39:56","modified_gmt":"2025-01-28T21:39:56","slug":"gruusia-olu","status":"publish","type":"product","link":"https:\/\/kolhethi.ee\/en\/product\/gruusia-olu\/","title":{"rendered":"Gruusia \u00f5lu"},"content":{"rendered":"<p>Lager t\u00fc\u00fcpi hele \u00f5lu<\/p>","protected":false},"excerpt":{"rendered":"<p>Lager t\u00fc\u00fcpi hele \u00f5lu<\/p>","protected":false},"featured_media":1250,"comment_status":"open","ping_status":"closed","template":"","meta":{"_uag_custom_page_level_css":"","_glsr_average":0,"_glsr_ranking":0,"_glsr_reviews":0},"product_brand":[],"product_cat":[92],"product_tag":[],"class_list":{"0":"post-1193","1":"product","2":"type-product","3":"status-publish","4":"has-post-thumbnail","6":"product_cat-olled","8":"first","9":"instock","10":"shipping-taxable","11":"purchasable","12":"product-type-simple"},"aioseo_notices":[],"uagb_featured_image_src":{"full":["https:\/\/kolhethi.ee\/wp-content\/uploads\/2024\/12\/473831506_581246368053010_3908673985481119820_n.jpg",1530,2040,false],"thumbnail":["https:\/\/kolhethi.ee\/wp-content\/uploads\/2024\/12\/473831506_581246368053010_3908673985481119820_n-150x150.jpg",150,150,true],"medium":["https:\/\/kolhethi.ee\/wp-content\/uploads\/2024\/12\/473831506_581246368053010_3908673985481119820_n-225x300.jpg",225,300,true],"medium_large":["https:\/\/kolhethi.ee\/wp-content\/uploads\/2024\/12\/473831506_581246368053010_3908673985481119820_n-768x1024.jpg",768,1024,true],"large":["https:\/\/kolhethi.ee\/wp-content\/uploads\/2024\/12\/473831506_581246368053010_3908673985481119820_n-768x1024.jpg",768,1024,true],"1536x1536":["https:\/\/kolhethi.ee\/wp-content\/uploads\/2024\/12\/473831506_581246368053010_3908673985481119820_n-1152x1536.jpg",1152,1536,true],"2048x2048":["https:\/\/kolhethi.ee\/wp-content\/uploads\/2024\/12\/473831506_581246368053010_3908673985481119820_n.jpg",1530,2040,false],"trp-custom-language-flag":["https:\/\/kolhethi.ee\/wp-content\/uploads\/2024\/12\/473831506_581246368053010_3908673985481119820_n-9x12.jpg",9,12,true],"woocommerce_thumbnail":["https:\/\/kolhethi.ee\/wp-content\/uploads\/2024\/12\/473831506_581246368053010_3908673985481119820_n-300x300.jpg",300,300,true],"woocommerce_single":["https:\/\/kolhethi.ee\/wp-content\/uploads\/2024\/12\/473831506_581246368053010_3908673985481119820_n-600x800.jpg",600,800,true],"woocommerce_gallery_thumbnail":["https:\/\/kolhethi.ee\/wp-content\/uploads\/2024\/12\/473831506_581246368053010_3908673985481119820_n-100x100.jpg",100,100,true]},"uagb_author_info":{"display_name":"Mariliis","author_link":"https:\/\/kolhethi.ee\/en\/author\/"},"uagb_comment_info":0,"uagb_excerpt":"Lager t\u00fc\u00fcpi hele \u00f5lu","_links":{"self":[{"href":"https:\/\/kolhethi.ee\/en\/wp-json\/wp\/v2\/product\/1193","targetHints":{"allow":["GET"]}}],"collection":[{"href":"https:\/\/kolhethi.ee\/en\/wp-json\/wp\/v2\/product"}],"about":[{"href":"https:\/\/kolhethi.ee\/en\/wp-json\/wp\/v2\/types\/product"}],"replies":[{"embeddable":true,"href":"https:\/\/kolhethi.ee\/en\/wp-json\/wp\/v2\/comments?post=1193"}],"wp:featuredmedia":[{"embeddable":true,"href":"https:\/\/kolhethi.ee\/en\/wp-json\/wp\/v2\/media\/1250"}],"wp:attachment":[{"href":"https:\/\/kolhethi.ee\/en\/wp-json\/wp\/v2\/media?parent=1193"}],"wp:term":[{"taxonomy":"product_brand","embeddable":true,"href":"https:\/\/kolhethi.ee\/en\/wp-json\/wp\/v2\/product_brand?post=1193"},{"taxonomy":"product_cat","embeddable":true,"href":"https:\/\/kolhethi.ee\/en\/wp-json\/wp\/v2\/product_cat?post=1193"},{"taxonomy":"product_tag","embeddable":true,"href":"https:\/\/kolhethi.ee\/en\/wp-json\/wp\/v2\/product_tag?post=1193"}],"curies":[{"name":"wp","href":"https:\/\/api.w.org\/{rel}","templated":true}]}}