{"id":1159,"date":"2024-12-02T14:59:43","date_gmt":"2024-12-02T12:59:43","guid":{"rendered":"https:\/\/kolhethi.ee\/?post_type=product&#038;p=1159"},"modified":"2024-12-02T14:59:43","modified_gmt":"2024-12-02T12:59:43","slug":"genadzvale-kahele","status":"publish","type":"product","link":"https:\/\/kolhethi.ee\/en\/product\/genadzvale-kahele\/","title":{"rendered":"Genadzvale (Kahele)"},"content":{"rendered":"<p>Rikkalik valik gruusiast: grill-liha, v\u00e4rsked aedviljad, mahlane juustupirukas Hat\u0161apuri, praetud bakla\u017eaan, mineraalvesi<\/p>","protected":false},"excerpt":{"rendered":"<p>Rikkalik valik gruusiast: grill-liha, v\u00e4rsked aedviljad, mahlane juustupirukas Hat\u0161apuri, praetud bakla\u017eaan, mineraalvesi<\/p>","protected":false},"featured_media":0,"comment_status":"open","ping_status":"closed","template":"","meta":{"_uag_custom_page_level_css":"","_glsr_average":0,"_glsr_ranking":0,"_glsr_reviews":0},"product_brand":[],"product_cat":[58],"product_tag":[],"class_list":{"0":"post-1159","1":"product","2":"type-product","3":"status-publish","5":"product_cat-pearoad","7":"first","8":"instock","9":"shipping-taxable","10":"purchasable","11":"product-type-simple"},"aioseo_notices":[],"uagb_featured_image_src":{"full":false,"thumbnail":false,"medium":false,"medium_large":false,"large":false,"1536x1536":false,"2048x2048":false,"trp-custom-language-flag":false,"woocommerce_thumbnail":false,"woocommerce_single":false,"woocommerce_gallery_thumbnail":false},"uagb_author_info":{"display_name":"Mariliis","author_link":"https:\/\/kolhethi.ee\/en\/author\/"},"uagb_comment_info":0,"uagb_excerpt":"Rikkalik valik gruusiast: grill-liha, v\u00e4rsked aedviljad, mahlane juustupirukas Hat\u0161apuri, praetud bakla\u017eaan, mineraalvesi","_links":{"self":[{"href":"https:\/\/kolhethi.ee\/en\/wp-json\/wp\/v2\/product\/1159","targetHints":{"allow":["GET"]}}],"collection":[{"href":"https:\/\/kolhethi.ee\/en\/wp-json\/wp\/v2\/product"}],"about":[{"href":"https:\/\/kolhethi.ee\/en\/wp-json\/wp\/v2\/types\/product"}],"replies":[{"embeddable":true,"href":"https:\/\/kolhethi.ee\/en\/wp-json\/wp\/v2\/comments?post=1159"}],"wp:attachment":[{"href":"https:\/\/kolhethi.ee\/en\/wp-json\/wp\/v2\/media?parent=1159"}],"wp:term":[{"taxonomy":"product_brand","embeddable":true,"href":"https:\/\/kolhethi.ee\/en\/wp-json\/wp\/v2\/product_brand?post=1159"},{"taxonomy":"product_cat","embeddable":true,"href":"https:\/\/kolhethi.ee\/en\/wp-json\/wp\/v2\/product_cat?post=1159"},{"taxonomy":"product_tag","embeddable":true,"href":"https:\/\/kolhethi.ee\/en\/wp-json\/wp\/v2\/product_tag?post=1159"}],"curies":[{"name":"wp","href":"https:\/\/api.w.org\/{rel}","templated":true}]}}