{"id":1137,"date":"2024-12-02T14:27:22","date_gmt":"2024-12-02T12:27:22","guid":{"rendered":"https:\/\/kolhethi.ee\/?post_type=product&#038;p=1137"},"modified":"2024-12-19T15:24:08","modified_gmt":"2024-12-19T13:24:08","slug":"snakitaldrik","status":"publish","type":"product","link":"https:\/\/kolhethi.ee\/en\/product\/snakitaldrik\/","title":{"rendered":"Sn\u00e4kitaldrik"},"content":{"rendered":"<p>V\u00e4rsked aedviljad, Suluguni juust, hapendatud k\u00f6\u00f6giviljad, adzika, grillitud kana- ja sealiha.<\/p>","protected":false},"excerpt":{"rendered":"<p>V\u00e4rsked aedviljad, Suluguni juust, hapendatud k\u00f6\u00f6giviljad, adzika, grillitud kana- ja sealiha.<\/p>","protected":false},"featured_media":0,"comment_status":"open","ping_status":"closed","template":"","meta":{"_uag_custom_page_level_css":"","_glsr_average":0,"_glsr_ranking":0,"_glsr_reviews":0},"product_brand":[],"product_cat":[59],"product_tag":[],"class_list":{"0":"post-1137","1":"product","2":"type-product","3":"status-publish","5":"product_cat-eelroad","7":"first","8":"instock","9":"shipping-taxable","10":"purchasable","11":"product-type-simple"},"aioseo_notices":[],"uagb_featured_image_src":{"full":false,"thumbnail":false,"medium":false,"medium_large":false,"large":false,"1536x1536":false,"2048x2048":false,"trp-custom-language-flag":false,"woocommerce_thumbnail":false,"woocommerce_single":false,"woocommerce_gallery_thumbnail":false},"uagb_author_info":{"display_name":"Mariliis","author_link":"https:\/\/kolhethi.ee\/en\/author\/"},"uagb_comment_info":0,"uagb_excerpt":"V\u00e4rsked aedviljad, Suluguni juust, hapendatud k\u00f6\u00f6giviljad, adzika, grillitud kana- ja sealiha.","_links":{"self":[{"href":"https:\/\/kolhethi.ee\/en\/wp-json\/wp\/v2\/product\/1137","targetHints":{"allow":["GET"]}}],"collection":[{"href":"https:\/\/kolhethi.ee\/en\/wp-json\/wp\/v2\/product"}],"about":[{"href":"https:\/\/kolhethi.ee\/en\/wp-json\/wp\/v2\/types\/product"}],"replies":[{"embeddable":true,"href":"https:\/\/kolhethi.ee\/en\/wp-json\/wp\/v2\/comments?post=1137"}],"wp:attachment":[{"href":"https:\/\/kolhethi.ee\/en\/wp-json\/wp\/v2\/media?parent=1137"}],"wp:term":[{"taxonomy":"product_brand","embeddable":true,"href":"https:\/\/kolhethi.ee\/en\/wp-json\/wp\/v2\/product_brand?post=1137"},{"taxonomy":"product_cat","embeddable":true,"href":"https:\/\/kolhethi.ee\/en\/wp-json\/wp\/v2\/product_cat?post=1137"},{"taxonomy":"product_tag","embeddable":true,"href":"https:\/\/kolhethi.ee\/en\/wp-json\/wp\/v2\/product_tag?post=1137"}],"curies":[{"name":"wp","href":"https:\/\/api.w.org\/{rel}","templated":true}]}}