{"id":516,"date":"2016-03-08T11:17:15","date_gmt":"2016-03-08T11:17:15","guid":{"rendered":"https:\/\/demo.ovatheme.com\/fable_client\/?page_id=516"},"modified":"2025-01-22T15:38:05","modified_gmt":"2025-01-22T13:38:05","slug":"meist","status":"publish","type":"page","link":"https:\/\/kolhethi.ee\/en\/meist\/","title":{"rendered":"About Us"},"content":{"rendered":"<section class=\"wpb-content-wrapper\"><section data-vc-parallax=\"1.5\" data-vc-parallax-image=\"https:\/\/kolhethi.ee\/wp-content\/uploads\/2024\/10\/pexels-20710970-9829630-scaled.jpg\" class=\"vc_row wpb_row vc_row-fluid vc_general vc_parallax vc_parallax-content-moving\" style=\"color: \"><div class=\"patter_bg\" style=\"background-color:rgba(17,17,17,0.65)\" ><\/div><div class=\"container\"><div class=\"row\"><div class=\"wpb_column vc_column_container vc_col-sm-12 vc_col-lg-offset-1 vc_col-lg-10 vc_col-md-offset-1 vc_col-md-10 vc_col-has-fill\"><div class=\"vc_column-inner vc_custom_1456823457670\"><div class=\"wpb_wrapper\"><div class=\"text-center hero-text white\"><span class=\"comic-text wow fadeIn\">T\u00f5eline Gruusia kirg<\/span><h2 class=\"section-title  wow bounceIn white\">S\u00f5bralikud teenindajad<\/h2><p class=\"wow fadeInUp hero-text\">Oleme v\u00e4ike restoran P\u00e4rnu kesklinnas. Pakume autentset kuid m\u00f5ningate kohandustega Gruusia k\u00f6\u00f6ki.<\/p><\/div><\/div><\/div><\/div><\/div><\/div><\/section><section class=\"vc_row wpb_row vc_row-fluid section-grey\" style=\"color: \"><div class=\"container\"><div class=\"row\"><div class=\"wow slideInLeft wpb_column vc_column_container vc_col-sm-6\"><div class=\"vc_column-inner\"><div class=\"wpb_wrapper\">\n\t<div  class=\"wpb_single_image wpb_content_element vc_align_center\">\n\t\t\n\t\t<figure class=\"wpb_wrapper vc_figure\">\n\t\t\t<div class=\"vc_single_image-wrapper vc_box_rounded  vc_box_border_grey\"><img loading=\"lazy\" decoding=\"async\" width=\"900\" height=\"600\" src=\"https:\/\/kolhethi.ee\/wp-content\/uploads\/2024\/10\/353859207_748090443983230_8561722820268639354_n.jpg\" class=\"vc_single_image-img attachment-full\" alt=\"\" title=\"353859207_748090443983230_8561722820268639354_n\" srcset=\"https:\/\/kolhethi.ee\/wp-content\/uploads\/2024\/10\/353859207_748090443983230_8561722820268639354_n.jpg 900w, https:\/\/kolhethi.ee\/wp-content\/uploads\/2024\/10\/353859207_748090443983230_8561722820268639354_n-600x400.jpg 600w, https:\/\/kolhethi.ee\/wp-content\/uploads\/2024\/10\/353859207_748090443983230_8561722820268639354_n-300x200.jpg 300w, https:\/\/kolhethi.ee\/wp-content\/uploads\/2024\/10\/353859207_748090443983230_8561722820268639354_n-768x512.jpg 768w\" sizes=\"auto, (max-width: 900px) 100vw, 900px\" \/><\/div>\n\t\t<\/figure>\n\t<\/div>\n<\/div><\/div><\/div><div class=\"text-center padding-top-40 padding-bottom-40 wow slideInRight wpb_column vc_column_container vc_col-sm-6\"><div class=\"vc_column-inner\"><div class=\"wpb_wrapper\"><div class=\"\"><span class=\"comic-text \">Avasta<\/span><h2 class=\"section-title  \">PARIMAD RETSEPTID<\/h2><p class=\"\">Hat\u0161apurid, hart\u0161o, lobio, hinkalid, jt h\u00f5rgutised on Gruusiast Eestisse toonud meie peakokk, Manana Keburia.<\/p><a href=\"https:\/\/kolhethi.ee\/menuu\/\" target=\"_self\" class=\"btn btn-lg btn-yellow \">MEIE MEN\u00dc\u00dc<\/a><\/div><\/div><\/div><\/div><\/div><\/div><\/section><section class=\"vc_row wpb_row vc_row-fluid\" style=\"color: \"><div class=\"container\"><div class=\"row\"><div class=\"wpb_column vc_column_container vc_col-sm-12\"><div class=\"vc_column-inner\"><div class=\"wpb_wrapper\">\n\t\t\t<!-- START aboutus REVOLUTION SLIDER 6.6.14 --><p class=\"rs-p-wp-fix\"><\/p>\n\t\t\t<rs-module-wrap id=\"rev_slider_4_1_wrapper\" data-source=\"gallery\" style=\"visibility:hidden;background:transparent;padding:0;margin:0px auto;margin-top:0;margin-bottom:0;\">\n\t\t\t\t<rs-module id=\"rev_slider_4_1\" style=\"\" data-version=\"6.6.14\">\n\t\t\t\t\t<rs-slides style=\"overflow: hidden; position: absolute;\">\n\t\t\t\t\t\t<rs-slide style=\"position: absolute;\" data-key=\"rs-10\" data-title=\"Slide\" data-thumb=\"\/\/kolhethi.ee\/wp-content\/uploads\/2024\/10\/92601156_3211605562217656_7466554039958765568_n-100x50.jpg\" data-in=\"o:0;\" data-out=\"a:false;\">\n\t\t\t\t\t\t\t<img decoding=\"async\" src=\"\/\/kolhethi.ee\/wp-content\/plugins\/revslider\/public\/assets\/assets\/dummy.png\" alt=\"\" title=\"92601156_3211605562217656_7466554039958765568_n\" width=\"1920\" height=\"1440\" class=\"rev-slidebg tp-rs-img rs-lazyload\" data-lazyload=\"\/\/kolhethi.ee\/wp-content\/uploads\/2024\/10\/92601156_3211605562217656_7466554039958765568_n.jpg\" data-no-retina>\n<!---->\t\t\t\t\t\t<\/rs-slide>\n\t\t\t\t\t\t<rs-slide style=\"position: absolute;\" data-key=\"rs-11\" data-title=\"Slide\" data-thumb=\"\/\/kolhethi.ee\/wp-content\/uploads\/2024\/10\/353859207_748090443983230_8561722820268639354_n-100x50.jpg\" data-in=\"o:0;\" data-out=\"a:false;\">\n\t\t\t\t\t\t\t<img decoding=\"async\" src=\"\/\/kolhethi.ee\/wp-content\/plugins\/revslider\/public\/assets\/assets\/dummy.png\" alt=\"\" title=\"353859207_748090443983230_8561722820268639354_n\" width=\"900\" height=\"600\" class=\"rev-slidebg tp-rs-img rs-lazyload\" data-lazyload=\"\/\/kolhethi.ee\/wp-content\/uploads\/2024\/10\/353859207_748090443983230_8561722820268639354_n.jpg\" data-no-retina>\n<!---->\t\t\t\t\t\t<\/rs-slide>\n\t\t\t\t\t\t<rs-slide style=\"position: absolute;\" data-key=\"rs-12\" data-title=\"Slide\" data-thumb=\"\/\/kolhethi.ee\/wp-content\/uploads\/2024\/10\/93604484_3221321207912758_4497505498274201600_n-100x50.jpg\" data-in=\"o:0;\" data-out=\"a:false;\">\n\t\t\t\t\t\t\t<img decoding=\"async\" src=\"\/\/kolhethi.ee\/wp-content\/plugins\/revslider\/public\/assets\/assets\/dummy.png\" alt=\"\" title=\"93604484_3221321207912758_4497505498274201600_n\" width=\"1440\" height=\"1080\" class=\"rev-slidebg tp-rs-img rs-lazyload\" data-lazyload=\"\/\/kolhethi.ee\/wp-content\/uploads\/2024\/10\/93604484_3221321207912758_4497505498274201600_n.jpg\" data-no-retina>\n<!---->\t\t\t\t\t\t<\/rs-slide>\n\t\t\t\t\t<\/rs-slides>\n\t\t\t\t<\/rs-module>\n\t\t\t\t<script>\n\t\t\t\t\tsetREVStartSize({c: 'rev_slider_4_1',rl:[1240,1024,778,480],el:[400,400,400,400],gw:[800,640,480,480],gh:[400,400,400,400],type:'carousel',justify:'',layout:'fullwidth',mh:\"0\"});if (window.RS_MODULES!==undefined && window.RS_MODULES.modules!==undefined && window.RS_MODULES.modules[\"revslider41\"]!==undefined) {window.RS_MODULES.modules[\"revslider41\"].once = false;window.revapi4 = undefined;if (window.RS_MODULES.checkMinimal!==undefined) window.RS_MODULES.checkMinimal()}\n\t\t\t\t<\/script>\n\t\t\t<\/rs-module-wrap>\n\t\t\t<!-- END REVOLUTION SLIDER -->\n<\/div><\/div><\/div><\/div><\/div><\/section><section class=\"vc_row wpb_row vc_row-fluid section-white small-padding no-padding-bottom\" style=\"color: \"><div class=\"container\"><div class=\"row\"><div class=\"text-center padding-top-50 padding-bottom-50 wow slideInLeft wpb_column vc_column_container vc_col-sm-6\"><div class=\"vc_column-inner vc_custom_1456826169297\"><div class=\"wpb_wrapper\"><div class=\"\"><span class=\"comic-text \">Leia<\/span><h2 class=\"section-title  \">meid P\u00e4rnu kesklinnast<\/h2><p class=\"\">Asume Kuninga 36, 80014, P\u00e4rnu.<\/p>\n<p>Oleme avatud<br \/>\n01.09. - 31.05<br \/>\nP-N 12-22<br \/>\nR,L 12 - 23<\/p>\n<p>01.06 - 31.08<br \/>\nP-N 12 - 23<br \/>\nR,L 12 - 00<br \/>\n<\/p><\/div>\n\t<div  class=\"wpb_single_image wpb_content_element vc_align_center  vc_custom_1456826316041\">\n\t\t\n\t\t<figure class=\"wpb_wrapper vc_figure\">\n\t\t\t<div class=\"vc_single_image-wrapper   vc_box_border_grey\"><img loading=\"lazy\" decoding=\"async\" width=\"304\" height=\"60\" src=\"https:\/\/kolhethi.ee\/wp-content\/uploads\/2016\/03\/menu-logo.png\" class=\"vc_single_image-img attachment-full\" alt=\"\" title=\"menu-logo\" srcset=\"https:\/\/kolhethi.ee\/wp-content\/uploads\/2016\/03\/menu-logo.png 304w, https:\/\/kolhethi.ee\/wp-content\/uploads\/2016\/03\/menu-logo-300x59.png 300w\" sizes=\"auto, (max-width: 304px) 100vw, 304px\" \/><\/div>\n\t\t<\/figure>\n\t<\/div>\n<\/div><\/div><\/div><div class=\"wow slideInRight wpb_column vc_column_container vc_col-sm-6\"><div class=\"vc_column-inner\"><div class=\"wpb_wrapper\"><div class=\"vc_empty_space\"   style=\"height: 132px\"><span class=\"vc_empty_space_inner\"><\/span><\/div>\n\t<div class=\"wpb_text_column wpb_content_element \" >\n\t\t<div class=\"wpb_wrapper\">\n\t\t\t<div class=\"leaflet-map WPLeafletMap\" style=\"height:450px; width:100%;\"><\/div><script>\nwindow.WPLeafletMapPlugin = window.WPLeafletMapPlugin || [];\nwindow.WPLeafletMapPlugin.push(function WPLeafletMapShortcode() {\/*<script>*\/\nvar baseUrl = atob('aHR0cHM6Ly97c30udGlsZS5vcGVuc3RyZWV0bWFwLm9yZy97en0ve3h9L3t5fS5wbmc=');\nvar base = (!baseUrl && window.MQ) ?\n    window.MQ.mapLayer() : L.tileLayer(baseUrl,\n        L.Util.extend({}, {\n            detectRetina: 0,\n        },\n        {\"subdomains\":\"abc\",\"noWrap\":false,\"maxZoom\":19}        )\n    );\n    var options = L.Util.extend({}, {\n        layers: [base],\n        attributionControl: false\n    },\n    {\"zoomControl\":true,\"scrollWheelZoom\":true,\"doubleClickZoom\":false,\"fitBounds\":false,\"minZoom\":0,\"maxZoom\":19,\"maxBounds\":null,\"attribution\":\"<a href=\\\"http:\\\/\\\/leafletjs.com\\\" title=\\\"A JS library for interactive maps\\\">Leaflet<\\\/a>; \\u00a9 <a href=\\\"http:\\\/\\\/www.openstreetmap.org\\\/copyright\\\">OpenStreetMap<\\\/a> contributors\"},\n    {});\nwindow.WPLeafletMapPlugin.createMap(options).setView([58.3842,24.50312],15);});<\/script><br \/>\n<script>\nwindow.WPLeafletMapPlugin = window.WPLeafletMapPlugin || [];\nwindow.WPLeafletMapPlugin.push(function WPLeafletMarkerShortcode() {\/*<script>*\/\nvar map = window.WPLeafletMapPlugin.getCurrentMap();\nvar group = window.WPLeafletMapPlugin.getCurrentGroup();\nvar marker_options = window.WPLeafletMapPlugin.getIconOptions({});\nvar marker = L.marker(\n    [0,0],\n    marker_options\n);\nvar is_image = map.is_image_map;\n    marker.setLatLng( map.getCenter() );\nif (marker_options.draggable) {\n    marker.on('dragend', function () {\n        var latlng = this.getLatLng();\n        var lat = latlng.lat;\n        var lng = latlng.lng;\n        if (is_image) {\n            console.log('leaflet-marker y=' + lat + ' x=' + lng);\n        } else {\n            console.log('leaflet-marker lat=' + lat + ' lng=' + lng);\n        }\n    });\n}\nmarker.addTo( group );\nwindow.WPLeafletMapPlugin.markers.push( marker );\n        });<\/script><\/p>\n\n\t\t<\/div>\n\t<\/div>\n<\/div><\/div><\/div><\/div><\/div><\/section><section class=\"vc_row wpb_row vc_row-fluid\" style=\"color: \"><div class=\"container\"><div class=\"row\"><div class=\"wpb_column vc_column_container vc_col-sm-12\"><div class=\"vc_column-inner\"><div class=\"wpb_wrapper\"><div class=\"vc_empty_space\"   style=\"height: 20px\"><span class=\"vc_empty_space_inner\"><\/span><\/div><div class=\"vc_separator wpb_content_element vc_separator_align_center vc_sep_width_100 vc_sep_pos_align_center vc_separator_no_text vc_sep_color_grey\" ><span class=\"vc_sep_holder vc_sep_holder_l\"><span class=\"vc_sep_line\"><\/span><\/span><span class=\"vc_sep_holder vc_sep_holder_r\"><span class=\"vc_sep_line\"><\/span><\/span>\n<\/div><\/div><\/div><\/div><\/div><\/div><\/section>\n<\/section>","protected":false},"excerpt":{"rendered":"T\u00f5eline Gruusia kirgS\u00f5bralikud teenindajadOleme v\u00e4ike restoran P\u00e4rnu kesklinnas. Pakume autentset kuid m\u00f5ningate kohandustega Gruusia k\u00f6\u00f6ki. AvastaPARIMAD RETSEPTIDHat\u0161apurid, hart\u0161o, lobio, hinkalid, jt h\u00f5rgutised on Gruusiast Eestisse toonud meie peakokk, Manana Keburia.MEIE MEN\u00dc\u00dc Leiameid P\u00e4rnu kesklinnastAsume Kuninga 36, 80014, P\u00e4rnu. Oleme avatud 01.09. - 31.05 P-N 12-22 R,L 12 - 23 01.06 - 31.08 P-N 12 - [...]","protected":false},"author":1,"featured_media":0,"parent":0,"menu_order":0,"comment_status":"closed","ping_status":"closed","template":"templates\/visualcomposer_template.php","meta":{"_uag_custom_page_level_css":"","_glsr_average":0,"_glsr_ranking":0,"_glsr_reviews":0,"footnotes":""},"class_list":["post-516","page","type-page","status-publish","hentry"],"aioseo_notices":[],"uagb_featured_image_src":{"full":false,"thumbnail":false,"medium":false,"medium_large":false,"large":false,"1536x1536":false,"2048x2048":false,"trp-custom-language-flag":false,"woocommerce_thumbnail":false,"woocommerce_single":false,"woocommerce_gallery_thumbnail":false},"uagb_author_info":{"display_name":"KolhethiAdmin","author_link":"https:\/\/kolhethi.ee\/en\/author\/kolhethiadmin\/"},"uagb_comment_info":0,"uagb_excerpt":null,"_links":{"self":[{"href":"https:\/\/kolhethi.ee\/en\/wp-json\/wp\/v2\/pages\/516","targetHints":{"allow":["GET"]}}],"collection":[{"href":"https:\/\/kolhethi.ee\/en\/wp-json\/wp\/v2\/pages"}],"about":[{"href":"https:\/\/kolhethi.ee\/en\/wp-json\/wp\/v2\/types\/page"}],"author":[{"embeddable":true,"href":"https:\/\/kolhethi.ee\/en\/wp-json\/wp\/v2\/users\/1"}],"replies":[{"embeddable":true,"href":"https:\/\/kolhethi.ee\/en\/wp-json\/wp\/v2\/comments?post=516"}],"version-history":[{"count":5,"href":"https:\/\/kolhethi.ee\/en\/wp-json\/wp\/v2\/pages\/516\/revisions"}],"predecessor-version":[{"id":1224,"href":"https:\/\/kolhethi.ee\/en\/wp-json\/wp\/v2\/pages\/516\/revisions\/1224"}],"wp:attachment":[{"href":"https:\/\/kolhethi.ee\/en\/wp-json\/wp\/v2\/media?parent=516"}],"curies":[{"name":"wp","href":"https:\/\/api.w.org\/{rel}","templated":true}]}}