{"id":3,"date":"2024-10-25T08:14:33","date_gmt":"2024-10-25T08:14:33","guid":{"rendered":"http:\/\/kolhethi.ee\/?page_id=3"},"modified":"2024-10-29T13:24:02","modified_gmt":"2024-10-29T13:24:02","slug":"privaatsuspoliitika","status":"publish","type":"page","link":"https:\/\/kolhethi.ee\/en\/privaatsuspoliitika\/","title":{"rendered":"Privaatsuspoliitika"},"content":{"rendered":"<div class=\"\" data-block=\"true\" data-editor=\"f7e2c\" data-offset-key=\"7gjsu-0-0\">\n<div class=\"public-DraftStyleDefault-block public-DraftStyleDefault-ltr\" data-offset-key=\"7gjsu-0-0\"><span data-offset-key=\"7gjsu-0-0\">**Privaatsuspoliitika**<\/span><\/div>\n<\/div>\n<div class=\"\" data-block=\"true\" data-editor=\"f7e2c\" data-offset-key=\"btmnt-0-0\">\n<div class=\"public-DraftStyleDefault-block public-DraftStyleDefault-ltr\" data-offset-key=\"btmnt-0-0\"><span data-offset-key=\"btmnt-0-0\">\u00a0<\/span><\/div>\n<\/div>\n<div class=\"\" data-block=\"true\" data-editor=\"f7e2c\" data-offset-key=\"37qjk-0-0\">\n<div class=\"public-DraftStyleDefault-block public-DraftStyleDefault-ltr\" data-offset-key=\"37qjk-0-0\"><span data-offset-key=\"37qjk-0-0\">Viimati uuendatud: 29.10.24<\/span><\/div>\n<\/div>\n<div class=\"\" data-block=\"true\" data-editor=\"f7e2c\" data-offset-key=\"29gmr-0-0\">\n<div class=\"public-DraftStyleDefault-block public-DraftStyleDefault-ltr\" data-offset-key=\"29gmr-0-0\"><span data-offset-key=\"29gmr-0-0\">\u00a0<\/span><\/div>\n<\/div>\n<div class=\"\" data-block=\"true\" data-editor=\"f7e2c\" data-offset-key=\"cto1r-0-0\">\n<div class=\"public-DraftStyleDefault-block public-DraftStyleDefault-ltr\" data-offset-key=\"cto1r-0-0\"><span data-offset-key=\"cto1r-0-0\">Palun lugege j\u00e4rgmised privaatsuspoliitika tingimused (edaspidi \u201ctingimused\u201d) hoolikalt l\u00e4bi, enne kui kasutate Kolhethi kodulehte (edaspidi \u201ckoduleht\u201d). Need tingimused reguleerivad teie ja Kolhethi vahelisi \u00f5igussuhteid seoses teie isikuandmete kogumise, kasutamise, s\u00e4ilitamise ja avalikustamisega rakenduse kasutamisel.<\/span><\/div>\n<\/div>\n<div class=\"\" data-block=\"true\" data-editor=\"f7e2c\" data-offset-key=\"75vhd-0-0\">\n<div class=\"public-DraftStyleDefault-block public-DraftStyleDefault-ltr\" data-offset-key=\"75vhd-0-0\"><span data-offset-key=\"75vhd-0-0\">\u00a0<\/span><\/div>\n<\/div>\n<div class=\"\" data-block=\"true\" data-editor=\"f7e2c\" data-offset-key=\"624o-0-0\">\n<div class=\"public-DraftStyleDefault-block public-DraftStyleDefault-ltr\" data-offset-key=\"624o-0-0\"><span data-offset-key=\"624o-0-0\">**1. Isikuandmete kogumine:**<\/span><\/div>\n<\/div>\n<div class=\"\" data-block=\"true\" data-editor=\"f7e2c\" data-offset-key=\"aa17r-0-0\">\n<div class=\"public-DraftStyleDefault-block public-DraftStyleDefault-ltr\" data-offset-key=\"aa17r-0-0\"><span data-offset-key=\"aa17r-0-0\">\u00a0<\/span><\/div>\n<\/div>\n<div class=\"\" data-block=\"true\" data-editor=\"f7e2c\" data-offset-key=\"7dpb5-0-0\">\n<div class=\"public-DraftStyleDefault-block public-DraftStyleDefault-ltr\" data-offset-key=\"7dpb5-0-0\"><span data-offset-key=\"7dpb5-0-0\">1.1. Isikuandmed: Kodulehe kasutamisel v\u00f5idakse koguda isikuandmeid, nagu teie nimi, e-posti aadress, telefoninumber ja asukoht. Andmete esitamine on vabatahtlik, kuid vajalik konkreetsete teenuste kasutamiseks.<\/span><\/div>\n<\/div>\n<div class=\"\" data-block=\"true\" data-editor=\"f7e2c\" data-offset-key=\"15uk1-0-0\">\n<div class=\"public-DraftStyleDefault-block public-DraftStyleDefault-ltr\" data-offset-key=\"15uk1-0-0\"><span data-offset-key=\"15uk1-0-0\">\u00a0<\/span><\/div>\n<\/div>\n<div class=\"\" data-block=\"true\" data-editor=\"f7e2c\" data-offset-key=\"es0jf-0-0\">\n<div class=\"public-DraftStyleDefault-block public-DraftStyleDefault-ltr\" data-offset-key=\"es0jf-0-0\"><span data-offset-key=\"es0jf-0-0\">1.2. Kasutusandmed: Kogume teavet selle kohta, kuidas te kodulehte kasutate, n\u00e4iteks teie seadme teavet, IP-aadressi, rakenduse kasutusstatistikat ja muid sirvimisandmeid. Need andmed aitavad meil parandada rakenduse toimimist ja kasutuskogemust.<\/span><\/div>\n<\/div>\n<div class=\"\" data-block=\"true\" data-editor=\"f7e2c\" data-offset-key=\"69d6s-0-0\">\n<div class=\"public-DraftStyleDefault-block public-DraftStyleDefault-ltr\" data-offset-key=\"69d6s-0-0\"><span data-offset-key=\"69d6s-0-0\">\u00a0<\/span><\/div>\n<\/div>\n<div class=\"\" data-block=\"true\" data-editor=\"f7e2c\" data-offset-key=\"et5f-0-0\">\n<div class=\"public-DraftStyleDefault-block public-DraftStyleDefault-ltr\" data-offset-key=\"et5f-0-0\"><span data-offset-key=\"et5f-0-0\">**2. Isikuandmete kasutamine:**<\/span><\/div>\n<\/div>\n<div class=\"\" data-block=\"true\" data-editor=\"f7e2c\" data-offset-key=\"a002n-0-0\">\n<div class=\"public-DraftStyleDefault-block public-DraftStyleDefault-ltr\" data-offset-key=\"a002n-0-0\"><span data-offset-key=\"a002n-0-0\">\u00a0<\/span><\/div>\n<\/div>\n<div class=\"\" data-block=\"true\" data-editor=\"f7e2c\" data-offset-key=\"f03aa-0-0\">\n<div class=\"public-DraftStyleDefault-block public-DraftStyleDefault-ltr\" data-offset-key=\"f03aa-0-0\"><span data-offset-key=\"f03aa-0-0\">2.1. Isikuandmeid kasutatakse teie kogemuse isikup\u00e4rastamiseks rakenduses, sisu ja teenuste vastavaks muutmiseks teie eelistustele.<\/span><\/div>\n<\/div>\n<div class=\"\" data-block=\"true\" data-editor=\"f7e2c\" data-offset-key=\"70nbc-0-0\">\n<div class=\"public-DraftStyleDefault-block public-DraftStyleDefault-ltr\" data-offset-key=\"70nbc-0-0\"><span data-offset-key=\"70nbc-0-0\">\u00a0<\/span><\/div>\n<\/div>\n<div class=\"\" data-block=\"true\" data-editor=\"f7e2c\" data-offset-key=\"78um5-0-0\">\n<div class=\"public-DraftStyleDefault-block public-DraftStyleDefault-ltr\" data-offset-key=\"78um5-0-0\"><span data-offset-key=\"78um5-0-0\">2.2. Teenuste osutamine: Kogutud andmeid kasutatakse teenuste tellimuste h\u00f5lbustamiseks, broneeringuteks ja sujuvaks suhtlemiseks kasutajate ja teenusepakkujate vahel.<\/span><\/div>\n<\/div>\n<div class=\"\" data-block=\"true\" data-editor=\"f7e2c\" data-offset-key=\"7tmp0-0-0\">\n<div class=\"public-DraftStyleDefault-block public-DraftStyleDefault-ltr\" data-offset-key=\"7tmp0-0-0\"><span data-offset-key=\"7tmp0-0-0\">\u00a0<\/span><\/div>\n<\/div>\n<div class=\"\" data-block=\"true\" data-editor=\"f7e2c\" data-offset-key=\"42bvo-0-0\">\n<div class=\"public-DraftStyleDefault-block public-DraftStyleDefault-ltr\" data-offset-key=\"42bvo-0-0\"><span data-offset-key=\"42bvo-0-0\">2.3. Kommunikatsioon: Teie e-posti aadressi v\u00f5i telefoninumbrit v\u00f5idakse kasutada tehinguteadete, teenuse v\u00e4rskenduste ja pakkumiste saatmiseks. Turunduss\u00f5numitest loobumiseks saate seda teha igal ajal.<\/span><\/div>\n<\/div>\n<div class=\"\" data-block=\"true\" data-editor=\"f7e2c\" data-offset-key=\"a0m49-0-0\">\n<div class=\"public-DraftStyleDefault-block public-DraftStyleDefault-ltr\" data-offset-key=\"a0m49-0-0\"><span data-offset-key=\"a0m49-0-0\">\u00a0<\/span><\/div>\n<\/div>\n<div class=\"\" data-block=\"true\" data-editor=\"f7e2c\" data-offset-key=\"ao628-0-0\">\n<div class=\"public-DraftStyleDefault-block public-DraftStyleDefault-ltr\" data-offset-key=\"ao628-0-0\"><span data-offset-key=\"ao628-0-0\">2.4. Teenuste parandamine: Kasutusandmeid anal\u00fc\u00fcsitakse rakenduse funktsionaalsuse, omaduste ja \u00fcldise j\u00f5udluse parandamiseks.<\/span><\/div>\n<\/div>\n<div class=\"\" data-block=\"true\" data-editor=\"f7e2c\" data-offset-key=\"ba92-0-0\">\n<div class=\"public-DraftStyleDefault-block public-DraftStyleDefault-ltr\" data-offset-key=\"ba92-0-0\"><span data-offset-key=\"ba92-0-0\">\u00a0<\/span><\/div>\n<\/div>\n<div class=\"\" data-block=\"true\" data-editor=\"f7e2c\" data-offset-key=\"b3qb2-0-0\">\n<div class=\"public-DraftStyleDefault-block public-DraftStyleDefault-ltr\" data-offset-key=\"b3qb2-0-0\"><span data-offset-key=\"b3qb2-0-0\">**3. Andmete jagamine ja avalikustamine:**<\/span><\/div>\n<\/div>\n<div class=\"\" data-block=\"true\" data-editor=\"f7e2c\" data-offset-key=\"8pum4-0-0\">\n<div class=\"public-DraftStyleDefault-block public-DraftStyleDefault-ltr\" data-offset-key=\"8pum4-0-0\"><span data-offset-key=\"8pum4-0-0\">\u00a0<\/span><\/div>\n<\/div>\n<div class=\"\" data-block=\"true\" data-editor=\"f7e2c\" data-offset-key=\"78uso-0-0\">\n<div class=\"public-DraftStyleDefault-block public-DraftStyleDefault-ltr\" data-offset-key=\"78uso-0-0\"><span data-offset-key=\"78uso-0-0\">3.1. Kolmandad teenusepakkujad: V\u00f5ime jagada isikuandmeid usaldusv\u00e4\u00e4rsete kolmandate teenusepakkujatega, kes aitavad meil teatud \u00fclesandeid t\u00e4ita, n\u00e4iteks klienditugi ja anal\u00fc\u00fctika. Need teenusepakkujad on seotud konfidentsiaalsuslepingutega ja neil on keelatud andmete kasutamine muudel eesm\u00e4rkidel.<\/span><\/div>\n<\/div>\n<div class=\"\" data-block=\"true\" data-editor=\"f7e2c\" data-offset-key=\"fg6g2-0-0\">\n<div class=\"public-DraftStyleDefault-block public-DraftStyleDefault-ltr\" data-offset-key=\"fg6g2-0-0\"><span data-offset-key=\"fg6g2-0-0\">\u00a0<\/span><\/div>\n<\/div>\n<div class=\"\" data-block=\"true\" data-editor=\"f7e2c\" data-offset-key=\"20mfp-0-0\">\n<div class=\"public-DraftStyleDefault-block public-DraftStyleDefault-ltr\" data-offset-key=\"20mfp-0-0\"><span data-offset-key=\"20mfp-0-0\">3.2. Seadusest tulenev kohustus: V\u00f5ime avalikustada teie andmeid seadusega n\u00f5utaval juhul, n\u00e4iteks kohtum\u00e4\u00e4ruste, kohtukutsete v\u00f5i valitsusasutuste uurimiste korral.<\/span><\/div>\n<\/div>\n<div class=\"\" data-block=\"true\" data-editor=\"f7e2c\" data-offset-key=\"5ngdj-0-0\">\n<div class=\"public-DraftStyleDefault-block public-DraftStyleDefault-ltr\" data-offset-key=\"5ngdj-0-0\"><span data-offset-key=\"5ngdj-0-0\">\u00a0<\/span><\/div>\n<\/div>\n<div class=\"\" data-block=\"true\" data-editor=\"f7e2c\" data-offset-key=\"efcn1-0-0\">\n<div class=\"public-DraftStyleDefault-block public-DraftStyleDefault-ltr\" data-offset-key=\"efcn1-0-0\"><span data-offset-key=\"efcn1-0-0\">**4. Andmete turvalisus:**<\/span><\/div>\n<\/div>\n<div class=\"\" data-block=\"true\" data-editor=\"f7e2c\" data-offset-key=\"34abd-0-0\">\n<div class=\"public-DraftStyleDefault-block public-DraftStyleDefault-ltr\" data-offset-key=\"34abd-0-0\"><span data-offset-key=\"34abd-0-0\">\u00a0<\/span><\/div>\n<\/div>\n<div class=\"\" data-block=\"true\" data-editor=\"f7e2c\" data-offset-key=\"ldm5-0-0\">\n<div class=\"public-DraftStyleDefault-block public-DraftStyleDefault-ltr\" data-offset-key=\"ldm5-0-0\"><span data-offset-key=\"ldm5-0-0\">4.1. V\u00f5tame sobivaid meetmeid teie isikuandmete kaitsmiseks volitamatu juurdep\u00e4\u00e4su, muutmise, avalikustamise v\u00f5i h\u00e4vitamise eest. Siiski ei ole \u00fckski interneti kaudu edastatav andmete \u00fclekanne t\u00e4ielikult turvaline ning me ei saa garanteerida absoluutset turvalisust.<\/span><\/div>\n<\/div>\n<div class=\"\" data-block=\"true\" data-editor=\"f7e2c\" data-offset-key=\"dne0l-0-0\">\n<div class=\"public-DraftStyleDefault-block public-DraftStyleDefault-ltr\" data-offset-key=\"dne0l-0-0\"><span data-offset-key=\"dne0l-0-0\">\u00a0<\/span><\/div>\n<\/div>\n<div class=\"\" data-block=\"true\" data-editor=\"f7e2c\" data-offset-key=\"e8noa-0-0\">\n<div class=\"public-DraftStyleDefault-block public-DraftStyleDefault-ltr\" data-offset-key=\"e8noa-0-0\"><span data-offset-key=\"e8noa-0-0\">**5. Teie valikud:**<\/span><\/div>\n<\/div>\n<div class=\"\" data-block=\"true\" data-editor=\"f7e2c\" data-offset-key=\"a0opb-0-0\">\n<div class=\"public-DraftStyleDefault-block public-DraftStyleDefault-ltr\" data-offset-key=\"a0opb-0-0\"><span data-offset-key=\"a0opb-0-0\">\u00a0<\/span><\/div>\n<\/div>\n<div class=\"\" data-block=\"true\" data-editor=\"f7e2c\" data-offset-key=\"cqpr7-0-0\">\n<div class=\"public-DraftStyleDefault-block public-DraftStyleDefault-ltr\" data-offset-key=\"cqpr7-0-0\"><span data-offset-key=\"cqpr7-0-0\">5.1. Te saate \u00fcle vaadata, uuendada v\u00f5i kustutada oma isikuandmeid, sisenedes rakenduses oma konto seadetesse.<\/span><\/div>\n<\/div>\n<div class=\"\" data-block=\"true\" data-editor=\"f7e2c\" data-offset-key=\"5qe5u-0-0\">\n<div class=\"public-DraftStyleDefault-block public-DraftStyleDefault-ltr\" data-offset-key=\"5qe5u-0-0\"><span data-offset-key=\"5qe5u-0-0\">\u00a0<\/span><\/div>\n<\/div>\n<div class=\"\" data-block=\"true\" data-editor=\"f7e2c\" data-offset-key=\"dp5hk-0-0\">\n<div class=\"public-DraftStyleDefault-block public-DraftStyleDefault-ltr\" data-offset-key=\"dp5hk-0-0\"><span data-offset-key=\"dp5hk-0-0\">**6. Laste privaatsus:**<\/span><\/div>\n<\/div>\n<div class=\"\" data-block=\"true\" data-editor=\"f7e2c\" data-offset-key=\"6c5hb-0-0\">\n<div class=\"public-DraftStyleDefault-block public-DraftStyleDefault-ltr\" data-offset-key=\"6c5hb-0-0\"><span data-offset-key=\"6c5hb-0-0\">\u00a0<\/span><\/div>\n<\/div>\n<div class=\"\" data-block=\"true\" data-editor=\"f7e2c\" data-offset-key=\"en520-0-0\">\n<div class=\"public-DraftStyleDefault-block public-DraftStyleDefault-ltr\" data-offset-key=\"en520-0-0\"><span data-offset-key=\"en520-0-0\">6.1. Kodulehte v\u00f5ivad\u00a0 kasutada ka lapsed. Me ei kogu teadlikult isikuandmeid lastelt. Kui arvate, et oleme kogemata selliseid andmeid kogunud, v\u00f5tke meiega \u00fchendust, et need eemaldada.<\/span><\/div>\n<\/div>\n<div class=\"\" data-block=\"true\" data-editor=\"f7e2c\" data-offset-key=\"28r73-0-0\">\n<div class=\"public-DraftStyleDefault-block public-DraftStyleDefault-ltr\" data-offset-key=\"28r73-0-0\"><span data-offset-key=\"28r73-0-0\">\u00a0<\/span><\/div>\n<\/div>\n<div class=\"\" data-block=\"true\" data-editor=\"f7e2c\" data-offset-key=\"5q6ul-0-0\">\n<div class=\"public-DraftStyleDefault-block public-DraftStyleDefault-ltr\" data-offset-key=\"5q6ul-0-0\"><span data-offset-key=\"5q6ul-0-0\">**7. Privaatsuspoliitika muutused:**<\/span><\/div>\n<\/div>\n<div class=\"\" data-block=\"true\" data-editor=\"f7e2c\" data-offset-key=\"eun8p-0-0\">\n<div class=\"public-DraftStyleDefault-block public-DraftStyleDefault-ltr\" data-offset-key=\"eun8p-0-0\"><span data-offset-key=\"eun8p-0-0\">\u00a0<\/span><\/div>\n<\/div>\n<div class=\"\" data-block=\"true\" data-editor=\"f7e2c\" data-offset-key=\"e47hg-0-0\">\n<div class=\"public-DraftStyleDefault-block public-DraftStyleDefault-ltr\" data-offset-key=\"e47hg-0-0\"><span data-offset-key=\"e47hg-0-0\">7.1. J\u00e4tame endale \u00f5iguse muuta k\u00e4esolevat privaatsuspoliitikat igal ajal. Uued tingimused j\u00f5ustuvad kohe p\u00e4rast nende avaldamist rakenduses.<\/span><\/div>\n<\/div>\n<div class=\"\" data-block=\"true\" data-editor=\"f7e2c\" data-offset-key=\"111kq-0-0\">\n<div class=\"public-DraftStyleDefault-block public-DraftStyleDefault-ltr\" data-offset-key=\"111kq-0-0\"><span data-offset-key=\"111kq-0-0\">\u00a0<\/span><\/div>\n<\/div>\n<div class=\"\" data-block=\"true\" data-editor=\"f7e2c\" data-offset-key=\"9id74-0-0\">\n<div class=\"public-DraftStyleDefault-block public-DraftStyleDefault-ltr\" data-offset-key=\"9id74-0-0\"><span data-offset-key=\"9id74-0-0\">**8. Kontakt:**<\/span><\/div>\n<\/div>\n<div class=\"\" data-block=\"true\" data-editor=\"f7e2c\" data-offset-key=\"agil0-0-0\">\n<div class=\"public-DraftStyleDefault-block public-DraftStyleDefault-ltr\" data-offset-key=\"agil0-0-0\"><span data-offset-key=\"agil0-0-0\">\u00a0<\/span><\/div>\n<\/div>\n<div class=\"\" data-block=\"true\" data-editor=\"f7e2c\" data-offset-key=\"a78ia-0-0\">\n<div class=\"public-DraftStyleDefault-block public-DraftStyleDefault-ltr\" data-offset-key=\"a78ia-0-0\"><span data-offset-key=\"a78ia-0-0\">8.1. Kui teil on k\u00fcsimusi v\u00f5i muret k\u00e4esoleva privaatsuspoliitika kohta v\u00f5i meie andmekasutuse kohta, v\u00f5tke meiega \u00fchendust aadressil: <a href=\"mailto:restoran@kolhethi.ee\">restoran@kolhethi.ee<\/a><\/span><\/div>\n<\/div>\n<div class=\"\" data-block=\"true\" data-editor=\"f7e2c\" data-offset-key=\"178gh-0-0\">\n<div class=\"public-DraftStyleDefault-block public-DraftStyleDefault-ltr\" data-offset-key=\"178gh-0-0\"><span data-offset-key=\"178gh-0-0\">\u00a0<\/span><\/div>\n<\/div>\n<div class=\"\" data-block=\"true\" data-editor=\"f7e2c\" data-offset-key=\"23mdj-0-0\">\n<div class=\"public-DraftStyleDefault-block public-DraftStyleDefault-ltr\" data-offset-key=\"23mdj-0-0\"><span data-offset-key=\"23mdj-0-0\">K\u00e4esolev privaatsuspoliitika moodustab teie ja Kolhethi vahelise lepingu kodulehte kasutades. Palume teil seda poliitikat regulaarselt lugeda ja m\u00f5ista ning j\u00e4rgida selle tingimusi.<\/span><\/div>\n<\/div>","protected":false},"excerpt":{"rendered":"<p>**Privaatsuspoliitika** \u00a0 Viimati uuendatud: 29.10.24 \u00a0 Palun lugege j\u00e4rgmised privaatsuspoliitika tingimused (edaspidi \u201ctingimused\u201d) hoolikalt l\u00e4bi, enne kui kasutate Kolhethi kodulehte (edaspidi \u201ckoduleht\u201d). Need tingimused reguleerivad teie ja Kolhethi vahelisi \u00f5igussuhteid seoses teie isikuandmete kogumise, kasutamise, s\u00e4ilitamise ja avalikustamisega rakenduse kasutamisel. \u00a0 **1. Isikuandmete kogumine:** \u00a0 1.1. Isikuandmed: Kodulehe kasutamisel v\u00f5idakse koguda isikuandmeid, nagu teie nimi, [&hellip;]<\/p>\n","protected":false},"author":1,"featured_media":0,"parent":0,"menu_order":0,"comment_status":"closed","ping_status":"open","template":"","meta":{"_uag_custom_page_level_css":"","_glsr_average":0,"_glsr_ranking":0,"_glsr_reviews":0,"footnotes":""},"class_list":["post-3","page","type-page","status-publish","hentry"],"aioseo_notices":[],"uagb_featured_image_src":{"full":false,"thumbnail":false,"medium":false,"medium_large":false,"large":false,"1536x1536":false,"2048x2048":false,"trp-custom-language-flag":false,"woocommerce_thumbnail":false,"woocommerce_single":false,"woocommerce_gallery_thumbnail":false},"uagb_author_info":{"display_name":"KolhethiAdmin","author_link":"https:\/\/kolhethi.ee\/en\/author\/kolhethiadmin\/"},"uagb_comment_info":0,"uagb_excerpt":"**Privaatsuspoliitika** \u00a0 Viimati uuendatud: 29.10.24 \u00a0 Palun lugege j\u00e4rgmised privaatsuspoliitika tingimused (edaspidi \u201ctingimused\u201d) hoolikalt l\u00e4bi, enne kui kasutate Kolhethi kodulehte (edaspidi \u201ckoduleht\u201d). Need tingimused reguleerivad teie ja Kolhethi vahelisi \u00f5igussuhteid seoses teie isikuandmete kogumise, kasutamise, s\u00e4ilitamise ja avalikustamisega rakenduse kasutamisel. \u00a0 **1. Isikuandmete kogumine:** \u00a0 1.1. Isikuandmed: Kodulehe kasutamisel v\u00f5idakse koguda isikuandmeid, nagu teie nimi,&hellip;","_links":{"self":[{"href":"https:\/\/kolhethi.ee\/en\/wp-json\/wp\/v2\/pages\/3","targetHints":{"allow":["GET"]}}],"collection":[{"href":"https:\/\/kolhethi.ee\/en\/wp-json\/wp\/v2\/pages"}],"about":[{"href":"https:\/\/kolhethi.ee\/en\/wp-json\/wp\/v2\/types\/page"}],"author":[{"embeddable":true,"href":"https:\/\/kolhethi.ee\/en\/wp-json\/wp\/v2\/users\/1"}],"replies":[{"embeddable":true,"href":"https:\/\/kolhethi.ee\/en\/wp-json\/wp\/v2\/comments?post=3"}],"version-history":[{"count":3,"href":"https:\/\/kolhethi.ee\/en\/wp-json\/wp\/v2\/pages\/3\/revisions"}],"predecessor-version":[{"id":797,"href":"https:\/\/kolhethi.ee\/en\/wp-json\/wp\/v2\/pages\/3\/revisions\/797"}],"wp:attachment":[{"href":"https:\/\/kolhethi.ee\/en\/wp-json\/wp\/v2\/media?parent=3"}],"curies":[{"name":"wp","href":"https:\/\/api.w.org\/{rel}","templated":true}]}}